{"id":1805,"date":"2020-10-20T15:53:12","date_gmt":"2020-10-20T13:53:12","guid":{"rendered":"https:\/\/hugli.ch\/unsere-fimra\/"},"modified":"2022-02-21T16:20:49","modified_gmt":"2022-02-21T15:20:49","slug":"unsere-fimra","status":"publish","type":"page","link":"https:\/\/hugli.ch\/de\/unsere-fimra\/","title":{"rendered":"Unsere Firma"},"content":{"rendered":"<div class=\"wpb-content-wrapper\"><p>[vc_row bg_type=&#8220;image&#8220; parallax_style=&#8220;vcpb-vz-jquery&#8220; bg_image_new=&#8220;id^882|url^https:\/\/www.hugli.ch\/wp-content\/uploads\/2020\/09\/ROLF_HUGLI_NOTRE_SOCIETE-1.jpg|caption^null|alt^null|title^ROLF_HUGLI_NOTRE_SOCIETE|description^null&#8220; bg_image_repeat=&#8220;no-repeat&#8220; bg_override=&#8220;full&#8220; type=&#8220;vc_default&#8220; margin_top=&#8220;-50&#8243; css=&#8220;.vc_custom_1601460026398{padding-top: 20% !important;padding-bottom: 20% !important;}&#8220;][vc_column offset=&#8220;vc_col-lg-12 vc_col-md-12&#8243; css=&#8220;.vc_custom_1593413697623{padding-top: 25px !important;padding-right: 25px !important;padding-left: 25px !important;}&#8220;][vc_empty_space height=&#8220;200px&#8220;][\/vc_column][\/vc_row][vc_row css=&#8220;.vc_custom_1603454264634{padding-top: 20px !important;}&#8220;][vc_column]<div id=\"ultimate-heading-217069da43092a982\" class=\"uvc-heading ult-adjust-bottom-margin ultimate-heading-217069da43092a982 uvc-4063 accent-border-color\" data-hspacer=\"line_only\"  data-halign=\"center\" style=\"text-align:center\"><div class=\"uvc-main-heading ult-responsive\"  data-ultimate-target='.uvc-heading.ultimate-heading-217069da43092a982 h1'  data-responsive-json-new='{\"font-size\":\"mobile_landscape:25px;mobile:25px;\",\"line-height\":\"mobile_landscape:35px;mobile:35px;\"}' ><h1 style=\"--font-weight:theme;margin-bottom:10px;\">Seit \u00fcber 70 Jahren importieren wir Lebensmittelspezialit\u00e4ten f\u00fcr den Schweizer Markt.<\/h1><\/div><div class=\"uvc-heading-spacer line_only\" style=\"topheight:1px;\"><span class=\"uvc-headings-line\" style=\"border-style:solid;border-bottom-width:1px;border-color:;width:200px;\"><\/span><\/div><\/div>[vc_row_inner css=&#8220;.vc_custom_1603454357369{border-top-width: 50px !important;}&#8220;][vc_column_inner width=&#8220;1\/2&#8243;][vc_single_image image=&#8220;1756&#8243; img_size=&#8220;1600&#215;950&#8243; css=&#8220;.vc_custom_1601460079611{margin-bottom: 0px !important;}&#8220;][\/vc_column_inner][vc_column_inner width=&#8220;1\/2&#8243;]<div id=\"ultimate-heading-850169da43092aa82\" class=\"uvc-heading ult-adjust-bottom-margin ultimate-heading-850169da43092aa82 uvc-3024 \" data-hspacer=\"no_spacer\"  data-halign=\"left\" style=\"text-align:left\"><div class=\"uvc-heading-spacer no_spacer\" style=\"top\"><\/div><div class=\"uvc-main-heading ult-responsive\"  data-ultimate-target='.uvc-heading.ultimate-heading-850169da43092aa82 h2'  data-responsive-json-new='{\"font-size\":\"desktop:32px;\",\"line-height\":\"\"}' ><h2 style=\"font-weight:bold;margin-bottom:10px;\">ROLF HUGLI SA<\/h2><\/div><div class=\"uvc-sub-heading ult-responsive\"  data-ultimate-target='.uvc-heading.ultimate-heading-850169da43092aa82 .uvc-sub-heading '  data-responsive-json-new='{\"font-size\":\"\",\"line-height\":\"\"}'  style=\"font-weight:normal;margin-bottom:50px;\"><\/p>\n<p style=\"text-align: justify;\">Im Laufe der Jahre haben wir eine echte Partnerschaft mit unseren Kunden und Lieferanten aufgebaut, um einen kompletten globalen Service anbieten zu k\u00f6nnen: von der Suche nach bedarfsgerechten Produkten \u00fcber die Konformit\u00e4t der Produkte f\u00fcr den Schweizer Markt bis hin zur Lieferung an den Endkunden.<\/p>\n<p style=\"text-align: left;\">Unsere Kunden, die alle Lebensmittelvertriebsnetze in der Schweiz abdecken, verlassen sich auf unser Fachwissen, um ihr Angebot f\u00fcr ihre eigenen Kunden zu optimieren.<\/p>\n<p>Als Lieferant profitieren Sie von unserer Kundenn\u00e4he und unseren fundierten Marktkenntnissen f\u00fcr Ihren Markteintritt und Ihre Expansion in der Schweiz.<\/p>\n<p>Viele Unternehmen auf der ganzen Welt schenken uns bereits ihr Vertrauen.<\/div><\/div>[\/vc_column_inner][\/vc_row_inner][\/vc_column][\/vc_row][vc_row css=&#8220;.vc_custom_1603454484436{padding-top: 30px !important;}&#8220;][vc_column][vc_row_inner][vc_column_inner width=&#8220;1\/2&#8243;]<div id=\"ultimate-heading-752069da43092ab28\" class=\"uvc-heading ult-adjust-bottom-margin ultimate-heading-752069da43092ab28 uvc-5518 \" data-hspacer=\"no_spacer\"  data-halign=\"left\" style=\"text-align:left\"><div class=\"uvc-heading-spacer no_spacer\" style=\"top\"><\/div><div class=\"uvc-main-heading ult-responsive\"  data-ultimate-target='.uvc-heading.ultimate-heading-752069da43092ab28 h2'  data-responsive-json-new='{\"font-size\":\"desktop:32px;mobile_landscape:25px;mobile:25px;\",\"line-height\":\"mobile_landscape:35px;mobile:35px;\"}' ><h2 style=\"font-weight:bold;margin-bottom:10px;\">Unser Know-how<\/h2><\/div><div class=\"uvc-sub-heading ult-responsive\"  data-ultimate-target='.uvc-heading.ultimate-heading-752069da43092ab28 .uvc-sub-heading '  data-responsive-json-new='{\"font-size\":\"\",\"line-height\":\"\"}'  style=\"font-weight:normal;margin-bottom:50px;\"><\/p>\n<p style=\"text-align: justify;\">Dank unseres motivierten, mehrsprachigen und proaktiven Teams bringen wir innovative und qualitativ hochstehende Produkte auf den Markt, die den Bed\u00fcrfnissen der Konsumentinnen und Konsumenten in der Schweiz entsprechen, um das Angebot an Lebensmitteln zu diversifizieren.<\/p>\n<p style=\"text-align: justify;\">Unsere langj\u00e4hrige Erfahrung und unsere langfristigen Partnerschaften mit unseren Kunden machen uns zum Partner Ihrer Wahl.<\/p>\n<p><\/div><\/div>[\/vc_column_inner][vc_column_inner width=&#8220;1\/2&#8243;][vc_single_image image=&#8220;1780&#8243; img_size=&#8220;full&#8220;][\/vc_column_inner][\/vc_row_inner][\/vc_column][\/vc_row][vc_row full_width=&#8220;stretch_row&#8220; equal_height=&#8220;yes&#8220; content_placement=&#8220;middle&#8220; type=&#8220;vc_default&#8220; css=&#8220;.vc_custom_1603541895755{margin-bottom: -15px !important;padding-bottom: 25px !important;background-color: #f9b672 !important;}&#8220;][vc_column offset=&#8220;vc_col-lg-8 vc_col-md-8 vc_col-xs-12&#8243;][vc_row_inner][vc_column_inner offset=&#8220;vc_hidden-sm vc_hidden-xs&#8220;]<div id=\"ultimate-heading-153669da43092abc4\" class=\"uvc-heading ult-adjust-bottom-margin ultimate-heading-153669da43092abc4 uvc-1869 \" data-hspacer=\"no_spacer\"  data-halign=\"left\" style=\"text-align:left\"><div class=\"uvc-heading-spacer no_spacer\" style=\"top\"><\/div><div class=\"uvc-main-heading ult-responsive\"  data-ultimate-target='.uvc-heading.ultimate-heading-153669da43092abc4 h4'  data-responsive-json-new='{\"font-size\":\"desktop:28px;\",\"line-height\":\"\"}' ><h4 style=\"font-weight:600;color:#ffffff;margin-bottom:10px;\">KONTAKTIEREN SIE ROLF HUGLI S.A.<\/h4><\/div><div class=\"uvc-sub-heading ult-responsive\"  data-ultimate-target='.uvc-heading.ultimate-heading-153669da43092abc4 .uvc-sub-heading '  data-responsive-json-new='{\"font-size\":\"\",\"line-height\":\"\"}'  style=\"font-weight:normal;\">F\u00fcr weitere Informationen z\u00f6gern Sie nicht, uns zu kontaktieren. Wir werden uns so schnell wie m\u00f6glich bei Ihnen melden.<\/div><\/div>[\/vc_column_inner][\/vc_row_inner][vc_row_inner][vc_column_inner offset=&#8220;vc_hidden-lg vc_hidden-md&#8220;]<div id=\"ultimate-heading-475169da43092ac60\" class=\"uvc-heading ult-adjust-bottom-margin ultimate-heading-475169da43092ac60 uvc-5044 \" data-hspacer=\"no_spacer\"  data-halign=\"center\" style=\"text-align:center\"><div class=\"uvc-heading-spacer no_spacer\" style=\"top\"><\/div><div class=\"uvc-main-heading ult-responsive\"  data-ultimate-target='.uvc-heading.ultimate-heading-475169da43092ac60 h4'  data-responsive-json-new='{\"font-size\":\"tablet:18px;tablet_portrait:18px;mobile_landscape:18px;mobile:18px;\",\"line-height\":\"\"}' ><h4 style=\"font-family:&#039;Poppins&#039;;font-weight:600;color:#ffffff;margin-bottom:10px;\">KONTAKTIEREN SIE ROLF HUGLI S.A.<\/h4><\/div><div class=\"uvc-sub-heading ult-responsive\"  data-ultimate-target='.uvc-heading.ultimate-heading-475169da43092ac60 .uvc-sub-heading '  data-responsive-json-new='{\"font-size\":\"\",\"line-height\":\"\"}'  style=\"font-weight:normal;color:#764811;\">F\u00fcr weitere Informationen z\u00f6gern Sie nicht, uns zu kontaktieren. Wir werden uns so schnell wie m\u00f6glich bei Ihnen melden.<\/div><\/div><div class=\" vc_custom_1603541500887 ubtn-ctn-center \"><a class=\"ubtn-link ult-adjust-bottom-margin ubtn-center ubtn-custom \" href=\"https:\/\/hugli.ch\/de\/kontakt\/\" title=\"Kontact\" ><button type=\"button\" id=\"ubtn-1191\"  class=\"ubtn ult-adjust-bottom-margin ult-responsive ubtn-custom ubtn-fade-bg  none  ubtn-center   tooltip-69da43092ad2d\"  data-hover=\"#ffffff\" data-border-color=\"#ffffff\" data-bg=\"\" data-hover-bg=\"#ef7d00\" data-border-hover=\"#ffffff\" data-shadow-hover=\"\" data-shadow-click=\"none\" data-shadow=\"\" data-shd-shadow=\"\"  data-ultimate-target='#ubtn-1191'  data-responsive-json-new='{\"font-size\":\"desktop:20px;tablet:14px;tablet_portrait:14px;mobile_landscape:14px;mobile:14px;\",\"line-height\":\"desktop:20px;\"}'  style=\"font-family:&#039;Poppins&#039;;font-weight:600;width:px;min-height:38px;padding:15px 25px;border-radius:0px;border-width:3px;border-color:#ffffff;border-style:solid;color: #ffffff;\"><span class=\"ubtn-hover\" style=\"background-color:#ef7d00\"><\/span><span class=\"ubtn-data ubtn-text \" >KONTAKTIEREN SIE UNS<\/span><\/button><\/a><\/div>[\/vc_column_inner][\/vc_row_inner][\/vc_column][vc_column offset=&#8220;vc_col-lg-4 vc_col-md-4 vc_hidden-sm vc_col-xs-12 vc_hidden-xs&#8220;]<div class=\" vc_custom_1603541486700 ubtn-ctn-center \"><a class=\"ubtn-link ult-adjust-bottom-margin ubtn-center ubtn-custom \" href=\"https:\/\/hugli.ch\/de\/kontakt\/\" title=\"Kontakt\" ><button type=\"button\" id=\"ubtn-4172\"  class=\"ubtn ult-adjust-bottom-margin ult-responsive ubtn-custom ubtn-fade-bg  none  ubtn-center   tooltip-69da43092af0c\"  data-hover=\"#ffffff\" data-border-color=\"#ffffff\" data-bg=\"\" data-hover-bg=\"#ef7d00\" data-border-hover=\"#ffffff\" data-shadow-hover=\"\" data-shadow-click=\"none\" data-shadow=\"\" data-shd-shadow=\"\"  data-ultimate-target='#ubtn-4172'  data-responsive-json-new='{\"font-size\":\"desktop:20px;\",\"line-height\":\"desktop:20px;\"}'  style=\"font-family:&#039;Poppins&#039;;font-weight:600;width:px;min-height:38px;padding:15px 25px;border-radius:0px;border-width:4px;border-color:#ffffff;border-style:solid;color: #ffffff;\"><span class=\"ubtn-hover\" style=\"background-color:#ef7d00\"><\/span><span class=\"ubtn-data ubtn-text \" >KONTAKTIEREN SIE UNS<\/span><\/button><\/a><\/div>[\/vc_column][\/vc_row]<\/p>\n<\/div>","protected":false},"excerpt":{"rendered":"<p>[vc_row bg_type=&#8220;image&#8220; parallax_style=&#8220;vcpb-vz-jquery&#8220; bg_image_new=&#8220;id^882|url^https:\/\/www.hugli.ch\/wp-content\/uploads\/2020\/09\/ROLF_HUGLI_NOTRE_SOCIETE-1.jpg|caption^null|alt^null|title^ROLF_HUGLI_NOTRE_SOCIETE|description^null&#8220; bg_image_repeat=&#8220;no-repeat&#8220; bg_override=&#8220;full&#8220; type=&#8220;vc_default&#8220; margin_top=&#8220;-50&#8243; css=&#8220;.vc_custom_1601460026398{padding-top: 20% !important;padding-bottom: 20% !important;}&#8220;][vc_column offset=&#8220;vc_col-lg-12 vc_col-md-12&#8243; css=&#8220;.vc_custom_1593413697623{padding-top: 25px !important;padding-right: 25px !important;padding-left: 25px !important;}&#8220;][vc_empty_space height=&#8220;200px&#8220;][\/vc_column][\/vc_row][vc_row css=&#8220;.vc_custom_1603454264634{padding-top: 20px !important;}&#8220;][vc_column][vc_row_inner css=&#8220;.vc_custom_1603454357369{border-top-width: 50px !important;}&#8220;][vc_column_inner width=&#8220;1\/2&#8243;][vc_single_image image=&#8220;1756&#8243; img_size=&#8220;1600&#215;950&#8243; css=&#8220;.vc_custom_1601460079611{margin-bottom: 0px !important;}&#8220;][\/vc_column_inner][vc_column_inner width=&#8220;1\/2&#8243;][\/vc_column_inner][\/vc_row_inner][\/vc_column][\/vc_row][vc_row css=&#8220;.vc_custom_1603454484436{padding-top: 30px !important;}&#8220;][vc_column][vc_row_inner][vc_column_inner width=&#8220;1\/2&#8243;][\/vc_column_inner][vc_column_inner width=&#8220;1\/2&#8243;][vc_single_image image=&#8220;1780&#8243; img_size=&#8220;full&#8220;][\/vc_column_inner][\/vc_row_inner][\/vc_column][\/vc_row][vc_row full_width=&#8220;stretch_row&#8220; equal_height=&#8220;yes&#8220; content_placement=&#8220;middle&#8220; type=&#8220;vc_default&#8220; css=&#8220;.vc_custom_1603541895755{margin-bottom: -15px !important;padding-bottom: 25px !important;background-color: #f9b672 !important;}&#8220;][vc_column offset=&#8220;vc_col-lg-8&hellip;<\/p>\n","protected":false},"author":1,"featured_media":0,"parent":0,"menu_order":0,"comment_status":"closed","ping_status":"closed","template":"","meta":{"footnotes":""},"class_list":["post-1805","page","type-page","status-publish","hentry","description-off"],"yoast_head":"<!-- This site is optimized with the Yoast SEO plugin v27.3 - https:\/\/yoast.com\/product\/yoast-seo-wordpress\/ -->\n<title>Unsere Firma - ROLF HUGLI SA<\/title>\n<meta name=\"description\" content=\"Im Laufe der Jahre haben wir eine echte Partnerschaft mit unseren Kunden und Lieferanten aufgebaut, um einen kompletten globalen Service anbieten zu k\u00f6nnen: von der Suche nach bedarfsgerechten Produkten \u00fcber die Konformit\u00e4t der Produkte f\u00fcr den Schweizer Markt bis hin zur Lieferung an den Endkunden.\" \/>\n<meta name=\"robots\" content=\"index, follow, max-snippet:-1, max-image-preview:large, max-video-preview:-1\" \/>\n<link rel=\"canonical\" href=\"https:\/\/hugli.ch\/de\/unsere-fimra\/\" \/>\n<meta property=\"og:locale\" content=\"de_DE\" \/>\n<meta property=\"og:type\" content=\"article\" \/>\n<meta property=\"og:title\" content=\"Unsere Firma - ROLF HUGLI SA\" \/>\n<meta property=\"og:description\" content=\"Im Laufe der Jahre haben wir eine echte Partnerschaft mit unseren Kunden und Lieferanten aufgebaut, um einen kompletten globalen Service anbieten zu k\u00f6nnen: von der Suche nach bedarfsgerechten Produkten \u00fcber die Konformit\u00e4t der Produkte f\u00fcr den Schweizer Markt bis hin zur Lieferung an den Endkunden.\" \/>\n<meta property=\"og:url\" content=\"https:\/\/hugli.ch\/de\/unsere-fimra\/\" \/>\n<meta property=\"og:site_name\" content=\"ROLF HUGLI SA\" \/>\n<meta property=\"article:modified_time\" content=\"2022-02-21T15:20:49+00:00\" \/>\n<meta name=\"twitter:card\" content=\"summary_large_image\" \/>\n<meta name=\"twitter:label1\" content=\"Gesch\u00e4tzte Lesezeit\" \/>\n\t<meta name=\"twitter:data1\" content=\"2\u00a0Minuten\" \/>\n<script type=\"application\/ld+json\" class=\"yoast-schema-graph\">{\"@context\":\"https:\\\/\\\/schema.org\",\"@graph\":[{\"@type\":\"WebPage\",\"@id\":\"https:\\\/\\\/hugli.ch\\\/de\\\/unsere-fimra\\\/\",\"url\":\"https:\\\/\\\/hugli.ch\\\/de\\\/unsere-fimra\\\/\",\"name\":\"Unsere Firma - ROLF HUGLI SA\",\"isPartOf\":{\"@id\":\"https:\\\/\\\/hugli.ch\\\/de\\\/#website\"},\"datePublished\":\"2020-10-20T13:53:12+00:00\",\"dateModified\":\"2022-02-21T15:20:49+00:00\",\"description\":\"Im Laufe der Jahre haben wir eine echte Partnerschaft mit unseren Kunden und Lieferanten aufgebaut, um einen kompletten globalen Service anbieten zu k\u00f6nnen: von der Suche nach bedarfsgerechten Produkten \u00fcber die Konformit\u00e4t der Produkte f\u00fcr den Schweizer Markt bis hin zur Lieferung an den Endkunden.\",\"breadcrumb\":{\"@id\":\"https:\\\/\\\/hugli.ch\\\/de\\\/unsere-fimra\\\/#breadcrumb\"},\"inLanguage\":\"de\",\"potentialAction\":[{\"@type\":\"ReadAction\",\"target\":[\"https:\\\/\\\/hugli.ch\\\/de\\\/unsere-fimra\\\/\"]}]},{\"@type\":\"BreadcrumbList\",\"@id\":\"https:\\\/\\\/hugli.ch\\\/de\\\/unsere-fimra\\\/#breadcrumb\",\"itemListElement\":[{\"@type\":\"ListItem\",\"position\":1,\"name\":\"Accueil\",\"item\":\"https:\\\/\\\/hugli.ch\\\/de\\\/\"},{\"@type\":\"ListItem\",\"position\":2,\"name\":\"Unsere Firma\"}]},{\"@type\":\"WebSite\",\"@id\":\"https:\\\/\\\/hugli.ch\\\/de\\\/#website\",\"url\":\"https:\\\/\\\/hugli.ch\\\/de\\\/\",\"name\":\"ROLF HUGLI SA\",\"description\":\"Votre partenaire pour le march\u00e9 suisse\",\"publisher\":{\"@id\":\"https:\\\/\\\/hugli.ch\\\/de\\\/#organization\"},\"potentialAction\":[{\"@type\":\"SearchAction\",\"target\":{\"@type\":\"EntryPoint\",\"urlTemplate\":\"https:\\\/\\\/hugli.ch\\\/de\\\/?s={search_term_string}\"},\"query-input\":{\"@type\":\"PropertyValueSpecification\",\"valueRequired\":true,\"valueName\":\"search_term_string\"}}],\"inLanguage\":\"de\"},{\"@type\":\"Organization\",\"@id\":\"https:\\\/\\\/hugli.ch\\\/de\\\/#organization\",\"name\":\"ROLF HUGLI SA\",\"url\":\"https:\\\/\\\/hugli.ch\\\/de\\\/\",\"logo\":{\"@type\":\"ImageObject\",\"inLanguage\":\"de\",\"@id\":\"https:\\\/\\\/hugli.ch\\\/de\\\/#\\\/schema\\\/logo\\\/image\\\/\",\"url\":\"https:\\\/\\\/hugli.ch\\\/wp-content\\\/uploads\\\/2020\\\/08\\\/Logo_Rolf_Hugli_SA_1951_R.png\",\"contentUrl\":\"https:\\\/\\\/hugli.ch\\\/wp-content\\\/uploads\\\/2020\\\/08\\\/Logo_Rolf_Hugli_SA_1951_R.png\",\"width\":440,\"height\":90,\"caption\":\"ROLF HUGLI SA\"},\"image\":{\"@id\":\"https:\\\/\\\/hugli.ch\\\/de\\\/#\\\/schema\\\/logo\\\/image\\\/\"}}]}<\/script>\n<!-- \/ Yoast SEO plugin. -->","yoast_head_json":{"title":"Unsere Firma - ROLF HUGLI SA","description":"Im Laufe der Jahre haben wir eine echte Partnerschaft mit unseren Kunden und Lieferanten aufgebaut, um einen kompletten globalen Service anbieten zu k\u00f6nnen: von der Suche nach bedarfsgerechten Produkten \u00fcber die Konformit\u00e4t der Produkte f\u00fcr den Schweizer Markt bis hin zur Lieferung an den Endkunden.","robots":{"index":"index","follow":"follow","max-snippet":"max-snippet:-1","max-image-preview":"max-image-preview:large","max-video-preview":"max-video-preview:-1"},"canonical":"https:\/\/hugli.ch\/de\/unsere-fimra\/","og_locale":"de_DE","og_type":"article","og_title":"Unsere Firma - ROLF HUGLI SA","og_description":"Im Laufe der Jahre haben wir eine echte Partnerschaft mit unseren Kunden und Lieferanten aufgebaut, um einen kompletten globalen Service anbieten zu k\u00f6nnen: von der Suche nach bedarfsgerechten Produkten \u00fcber die Konformit\u00e4t der Produkte f\u00fcr den Schweizer Markt bis hin zur Lieferung an den Endkunden.","og_url":"https:\/\/hugli.ch\/de\/unsere-fimra\/","og_site_name":"ROLF HUGLI SA","article_modified_time":"2022-02-21T15:20:49+00:00","twitter_card":"summary_large_image","twitter_misc":{"Gesch\u00e4tzte Lesezeit":"2\u00a0Minuten"},"schema":{"@context":"https:\/\/schema.org","@graph":[{"@type":"WebPage","@id":"https:\/\/hugli.ch\/de\/unsere-fimra\/","url":"https:\/\/hugli.ch\/de\/unsere-fimra\/","name":"Unsere Firma - ROLF HUGLI SA","isPartOf":{"@id":"https:\/\/hugli.ch\/de\/#website"},"datePublished":"2020-10-20T13:53:12+00:00","dateModified":"2022-02-21T15:20:49+00:00","description":"Im Laufe der Jahre haben wir eine echte Partnerschaft mit unseren Kunden und Lieferanten aufgebaut, um einen kompletten globalen Service anbieten zu k\u00f6nnen: von der Suche nach bedarfsgerechten Produkten \u00fcber die Konformit\u00e4t der Produkte f\u00fcr den Schweizer Markt bis hin zur Lieferung an den Endkunden.","breadcrumb":{"@id":"https:\/\/hugli.ch\/de\/unsere-fimra\/#breadcrumb"},"inLanguage":"de","potentialAction":[{"@type":"ReadAction","target":["https:\/\/hugli.ch\/de\/unsere-fimra\/"]}]},{"@type":"BreadcrumbList","@id":"https:\/\/hugli.ch\/de\/unsere-fimra\/#breadcrumb","itemListElement":[{"@type":"ListItem","position":1,"name":"Accueil","item":"https:\/\/hugli.ch\/de\/"},{"@type":"ListItem","position":2,"name":"Unsere Firma"}]},{"@type":"WebSite","@id":"https:\/\/hugli.ch\/de\/#website","url":"https:\/\/hugli.ch\/de\/","name":"ROLF HUGLI SA","description":"Votre partenaire pour le march\u00e9 suisse","publisher":{"@id":"https:\/\/hugli.ch\/de\/#organization"},"potentialAction":[{"@type":"SearchAction","target":{"@type":"EntryPoint","urlTemplate":"https:\/\/hugli.ch\/de\/?s={search_term_string}"},"query-input":{"@type":"PropertyValueSpecification","valueRequired":true,"valueName":"search_term_string"}}],"inLanguage":"de"},{"@type":"Organization","@id":"https:\/\/hugli.ch\/de\/#organization","name":"ROLF HUGLI SA","url":"https:\/\/hugli.ch\/de\/","logo":{"@type":"ImageObject","inLanguage":"de","@id":"https:\/\/hugli.ch\/de\/#\/schema\/logo\/image\/","url":"https:\/\/hugli.ch\/wp-content\/uploads\/2020\/08\/Logo_Rolf_Hugli_SA_1951_R.png","contentUrl":"https:\/\/hugli.ch\/wp-content\/uploads\/2020\/08\/Logo_Rolf_Hugli_SA_1951_R.png","width":440,"height":90,"caption":"ROLF HUGLI SA"},"image":{"@id":"https:\/\/hugli.ch\/de\/#\/schema\/logo\/image\/"}}]}},"_links":{"self":[{"href":"https:\/\/hugli.ch\/de\/wp-json\/wp\/v2\/pages\/1805","targetHints":{"allow":["GET"]}}],"collection":[{"href":"https:\/\/hugli.ch\/de\/wp-json\/wp\/v2\/pages"}],"about":[{"href":"https:\/\/hugli.ch\/de\/wp-json\/wp\/v2\/types\/page"}],"author":[{"embeddable":true,"href":"https:\/\/hugli.ch\/de\/wp-json\/wp\/v2\/users\/1"}],"replies":[{"embeddable":true,"href":"https:\/\/hugli.ch\/de\/wp-json\/wp\/v2\/comments?post=1805"}],"version-history":[{"count":0,"href":"https:\/\/hugli.ch\/de\/wp-json\/wp\/v2\/pages\/1805\/revisions"}],"wp:attachment":[{"href":"https:\/\/hugli.ch\/de\/wp-json\/wp\/v2\/media?parent=1805"}],"curies":[{"name":"wp","href":"https:\/\/api.w.org\/{rel}","templated":true}]}}