{"id":1905,"date":"2020-10-20T23:39:37","date_gmt":"2020-10-20T21:39:37","guid":{"rendered":"https:\/\/hugli.ch\/hugli-care\/"},"modified":"2023-01-19T17:19:59","modified_gmt":"2023-01-19T16:19:59","slug":"care","status":"publish","type":"page","link":"https:\/\/hugli.ch\/de\/care\/","title":{"rendered":"Hugli Care"},"content":{"rendered":"<div class=\"wpb-content-wrapper\"><p>[vc_row bg_type=&#8220;image&#8220; parallax_style=&#8220;vcpb-vz-jquery&#8220; bg_image_new=&#8220;id^840|url^https:\/\/www.hugli.ch\/wp-content\/uploads\/2020\/09\/ROLF_HUGLI_Care.jpg|caption^null|alt^null|title^ROLF_HUGLI_Care|description^null&#8220; bg_image_repeat=&#8220;no-repeat&#8220; bg_override=&#8220;full&#8220; type=&#8220;vc_default&#8220; margin_top=&#8220;-50&#8243; css=&#8220;.vc_custom_1599490532195{padding-top: 8% !important;padding-bottom: 8% !important;}&#8220;][vc_column offset=&#8220;vc_col-lg-12 vc_col-md-12&#8243; css=&#8220;.vc_custom_1593413697623{padding-top: 25px !important;padding-right: 25px !important;padding-left: 25px !important;}&#8220;][vc_empty_space height=&#8220;200px&#8220;][\/vc_column][\/vc_row][vc_row][vc_column][vc_row_inner css=&#8220;.vc_custom_1598508077092{border-top-width: 50px !important;}&#8220;][vc_column_inner width=&#8220;1\/2&#8243;][vc_single_image image=&#8220;1776&#8243; img_size=&#8220;full&#8220;][\/vc_column_inner][vc_column_inner width=&#8220;1\/2&#8243;]<div id=\"ultimate-heading-638869d4736baabbf\" class=\"uvc-heading ult-adjust-bottom-margin ultimate-heading-638869d4736baabbf uvc-687 \" data-hspacer=\"no_spacer\"  data-halign=\"left\" style=\"text-align:left\"><div class=\"uvc-heading-spacer no_spacer\" style=\"top\"><\/div><div class=\"uvc-main-heading ult-responsive\"  data-ultimate-target='.uvc-heading.ultimate-heading-638869d4736baabbf h2'  data-responsive-json-new='{\"font-size\":\"desktop:32px;\",\"line-height\":\"\"}' ><h2 style=\"font-weight:bold;color:#2b9749;margin-top:5px;margin-bottom:10px;\">HUGLI CARE<\/h2><\/div><div class=\"uvc-sub-heading ult-responsive\"  data-ultimate-target='.uvc-heading.ultimate-heading-638869d4736baabbf .uvc-sub-heading '  data-responsive-json-new='{\"font-size\":\"\",\"line-height\":\"\"}'  style=\"font-weight:normal;color:#155d2d;margin-bottom:50px;\"><\/p>\n<p style=\"text-align: justify;\"><strong> Unsere fundierte Kenntnis des Marktes hat uns veranlasst, unsere T\u00e4tigkeit auf ein neues Gebiet auszuweiten.<\/strong><\/p>\n<p>Mit 70 Jahren Erfahrung auf dem Markt und einer engen Beziehung zu unseren Partnern konnten wir der Nachfrage unserer Kunden, die uns seit vielen Jahren vertrauen, nachgehen und mit Ihnen zusammen zahlreiche Eigenmarken-Produkte im Gesundheits- und Wellnessbereich entwickeln.<br \/>\nDank unserer Marktkenntnis und unseren Kontakten zu spezialisierten Lieferanten finden wir Qualit\u00e4tsprodukte, die den schweizerischen Anforderungen und Gesetzgebungen entsprechen.<br \/>\nWir sind in verschiedenen Bereichen wie etwa Medizinprodukten, Kosmetika und Nahrungserg\u00e4nzungsmitteln t\u00e4tig und reagieren sowohl auf konkrete Anfragen unserer Kunden als auch als Quelle f\u00fcr Vorschl\u00e4ge neuer Produkte, f\u00fcr die wir starkes Potenzial sehen.<\/div><\/div>[\/vc_column_inner][\/vc_row_inner][vc_row_inner content_placement=&#8220;middle&#8220; css=&#8220;.vc_custom_1674145181791{border-top-width: 50px !important;}&#8220;][vc_column_inner width=&#8220;1\/2&#8243;]<div id=\"ultimate-heading-773769d4736baad00\" class=\"uvc-heading ult-adjust-bottom-margin ultimate-heading-773769d4736baad00 uvc-7283 \" data-hspacer=\"no_spacer\"  data-halign=\"left\" style=\"text-align:left\"><div class=\"uvc-heading-spacer no_spacer\" style=\"top\"><\/div><div class=\"uvc-main-heading ult-responsive\"  data-ultimate-target='.uvc-heading.ultimate-heading-773769d4736baad00 h2'  data-responsive-json-new='{\"font-size\":\"desktop:32px;\",\"line-height\":\"\"}' ><h2 style=\"font-weight:bold;color:#2b9749;margin-top:5px;margin-bottom:10px;\">Swiss Medtech<\/h2><\/div><div class=\"uvc-sub-heading ult-responsive\"  data-ultimate-target='.uvc-heading.ultimate-heading-773769d4736baad00 .uvc-sub-heading '  data-responsive-json-new='{\"font-size\":\"\",\"line-height\":\"\"}'  style=\"font-weight:normal;color:#155d2d;margin-bottom:50px;\"><\/p>\n<p style=\"text-align: justify;\">Seit kurzem sind wir ebenfalls Mitglied der Swiss Medtech, des schweizerischen Branchenverbandes f\u00fcr Medizintechnik und Medizinprodukte und somit auf dem Laufenden was die neue Gesetzgebung MDR und die damit verbundenen Eigenheiten f\u00fcr unseren Markt betrifft.<\/p>\n<p><\/div><\/div>[\/vc_column_inner][vc_column_inner width=&#8220;1\/2&#8243;][vc_single_image image=&#8220;3510&#8243; img_size=&#8220;medium&#8220; alignment=&#8220;center&#8220; onclick=&#8220;custom_link&#8220; image_hovers=&#8220;false&#8220; link=&#8220;https:\/\/www.swiss-medtech.ch\/&#8220;][\/vc_column_inner][\/vc_row_inner][\/vc_column][\/vc_row][vc_row gap=&#8220;30&#8243; equal_height=&#8220;yes&#8220; type=&#8220;vc_default&#8220; el_class=&#8220;custom-columns-gap&#8220;][vc_column width=&#8220;1\/2&#8243; offset=&#8220;vc_col-lg-4 vc_col-md-6 vc_col-xs-12&#8243; css=&#8220;.vc_custom_1599147100998{padding-top: 0px !important;padding-right: 0px !important;padding-bottom: 0px !important;padding-left: 0px !important;}&#8220;][vc_single_image image=&#8220;1779&#8243; img_size=&#8220;full&#8220; lazy_loading=&#8220;true&#8220;]<div class=\"ult-content-box-container \" >\t\t<div class=\"ult-content-box\" style=\"box-shadow: px px px px #f7f7f7 none;-webkit-transition: all 700ms ease;-moz-transition: all 700ms ease;-ms-transition: all 700ms ease;-o-transition: all 700ms ease;transition: all 700ms ease;\"  data-hover_box_shadow=\"none\"    ><div id=\"ultimate-heading-282569d4736baae60\" class=\"uvc-heading ult-adjust-bottom-margin ultimate-heading-282569d4736baae60 uvc-1811 \" data-hspacer=\"no_spacer\"  data-halign=\"center\" style=\"text-align:center\"><div class=\"uvc-heading-spacer no_spacer\" style=\"top\"><\/div><div class=\"uvc-main-heading ult-responsive\"  data-ultimate-target='.uvc-heading.ultimate-heading-282569d4736baae60 h2'  data-responsive-json-new='{\"font-size\":\"desktop:20px;\",\"line-height\":\"desktop:26px;\"}' ><h2 style=\"--font-weight:theme;color:#2b9749;\">Nahrungserg\u00e4nzungsmittel<\/h2><\/div><\/div>\t\t<\/div><\/div>[\/vc_column][vc_column width=&#8220;1\/2&#8243; offset=&#8220;vc_col-lg-4 vc_col-md-6 vc_col-xs-12&#8243; css=&#8220;.vc_custom_1599147135906{padding-top: 0px !important;padding-right: 0px !important;padding-bottom: 0px !important;padding-left: 0px !important;}&#8220;][vc_single_image image=&#8220;1778&#8243; img_size=&#8220;full&#8220; lazy_loading=&#8220;true&#8220;]<div class=\"ult-content-box-container \" >\t\t<div class=\"ult-content-box\" style=\"box-shadow: px px px px #f7f7f7 none;-webkit-transition: all 700ms ease;-moz-transition: all 700ms ease;-ms-transition: all 700ms ease;-o-transition: all 700ms ease;transition: all 700ms ease;\"  data-hover_box_shadow=\"none\"    ><div id=\"ultimate-heading-252669d4736baaf3c\" class=\"uvc-heading ult-adjust-bottom-margin ultimate-heading-252669d4736baaf3c uvc-1866 \" data-hspacer=\"no_spacer\"  data-halign=\"center\" style=\"text-align:center\"><div class=\"uvc-heading-spacer no_spacer\" style=\"top\"><\/div><div class=\"uvc-main-heading ult-responsive\"  data-ultimate-target='.uvc-heading.ultimate-heading-252669d4736baaf3c h2'  data-responsive-json-new='{\"font-size\":\"desktop:20px;\",\"line-height\":\"desktop:26px;\"}' ><h2 style=\"--font-weight:theme;color:#2b9749;\">Heftpflaster<\/h2><\/div><\/div>\t\t<\/div><\/div>[\/vc_column][vc_column width=&#8220;1\/2&#8243; offset=&#8220;vc_col-lg-4 vc_col-md-6 vc_col-xs-12&#8243; css=&#8220;.vc_custom_1599147147019{padding-top: 0px !important;padding-right: 0px !important;padding-bottom: 0px !important;padding-left: 0px !important;}&#8220;][vc_single_image image=&#8220;1777&#8243; img_size=&#8220;full&#8220; lazy_loading=&#8220;true&#8220;]<div class=\"ult-content-box-container \" >\t\t<div class=\"ult-content-box\" style=\"box-shadow: px px px px #f7f7f7 none;-webkit-transition: all 700ms ease;-moz-transition: all 700ms ease;-ms-transition: all 700ms ease;-o-transition: all 700ms ease;transition: all 700ms ease;\"  data-hover_box_shadow=\"none\"    ><div id=\"ultimate-heading-62069d4736bab004\" class=\"uvc-heading ult-adjust-bottom-margin ultimate-heading-62069d4736bab004 uvc-4493 \" data-hspacer=\"no_spacer\"  data-halign=\"center\" style=\"text-align:center\"><div class=\"uvc-heading-spacer no_spacer\" style=\"top\"><\/div><div class=\"uvc-main-heading ult-responsive\"  data-ultimate-target='.uvc-heading.ultimate-heading-62069d4736bab004 h2'  data-responsive-json-new='{\"font-size\":\"desktop:20px;\",\"line-height\":\"desktop:26px;\"}' ><h2 style=\"--font-weight:theme;color:#2b9749;\">Medizinprodukte<\/h2><\/div><\/div>\t\t<\/div><\/div>[\/vc_column][\/vc_row][vc_row][vc_column][vc_column_text]<\/p>\n<p>[\/vc_column_text][\/vc_column][\/vc_row][vc_row full_width=&#8220;stretch_row&#8220; equal_height=&#8220;yes&#8220; content_placement=&#8220;middle&#8220; type=&#8220;vc_default&#8220; css=&#8220;.vc_custom_1603544104560{margin-top: 20px !important;margin-bottom: -15px !important;padding-bottom: 25px !important;background-color: #91c579 !important;}&#8220;][vc_column offset=&#8220;vc_col-lg-8 vc_col-md-8 vc_col-xs-12&#8243;][vc_row_inner][vc_column_inner offset=&#8220;vc_hidden-sm vc_hidden-xs&#8220;]<div id=\"ultimate-heading-945069d4736bab06a\" class=\"uvc-heading ult-adjust-bottom-margin ultimate-heading-945069d4736bab06a uvc-9186 \" data-hspacer=\"no_spacer\"  data-halign=\"left\" style=\"text-align:left\"><div class=\"uvc-heading-spacer no_spacer\" style=\"top\"><\/div><div class=\"uvc-main-heading ult-responsive\"  data-ultimate-target='.uvc-heading.ultimate-heading-945069d4736bab06a h4'  data-responsive-json-new='{\"font-size\":\"desktop:28px;\",\"line-height\":\"\"}' ><h4 style=\"font-weight:600;color:#ffffff;margin-bottom:10px;\">KONTAKTIEREN SIE ROLF HUGLI S.A.<\/h4><\/div><div class=\"uvc-sub-heading ult-responsive\"  data-ultimate-target='.uvc-heading.ultimate-heading-945069d4736bab06a .uvc-sub-heading '  data-responsive-json-new='{\"font-size\":\"\",\"line-height\":\"\"}'  style=\"font-weight:normal;color:#155d2d;\">F\u00fcr weitere Informationen z\u00f6gern Sie nicht, uns zu kontaktieren. Wir werden uns so schnell wie m\u00f6glich bei Ihnen melden.<\/div><\/div>[\/vc_column_inner][\/vc_row_inner][vc_row_inner][vc_column_inner offset=&#8220;vc_hidden-lg vc_hidden-md&#8220;]<div id=\"ultimate-heading-360269d4736bab0c7\" class=\"uvc-heading ult-adjust-bottom-margin ultimate-heading-360269d4736bab0c7 uvc-156 \" data-hspacer=\"no_spacer\"  data-halign=\"center\" style=\"text-align:center\"><div class=\"uvc-heading-spacer no_spacer\" style=\"top\"><\/div><div class=\"uvc-main-heading ult-responsive\"  data-ultimate-target='.uvc-heading.ultimate-heading-360269d4736bab0c7 h4'  data-responsive-json-new='{\"font-size\":\"tablet:18px;tablet_portrait:18px;mobile_landscape:18px;mobile:18px;\",\"line-height\":\"\"}' ><h4 style=\"font-family:&#039;Poppins&#039;;font-weight:600;color:#ffffff;margin-bottom:10px;\">KONTAKTIEREN SIE ROLF HUGLI S.A.<\/h4><\/div><div class=\"uvc-sub-heading ult-responsive\"  data-ultimate-target='.uvc-heading.ultimate-heading-360269d4736bab0c7 .uvc-sub-heading '  data-responsive-json-new='{\"font-size\":\"\",\"line-height\":\"\"}'  style=\"font-weight:normal;color:#155d2d;\">F\u00fcr weitere Informationen z\u00f6gern Sie nicht, uns zu kontaktieren. Wir werden uns so schnell wie m\u00f6glich bei Ihnen melden.<\/div><\/div><div class=\" vc_custom_1603544501976 ubtn-ctn-center \"><a class=\"ubtn-link ult-adjust-bottom-margin ubtn-center ubtn-custom \" href=\"https:\/\/hugli.ch\/de\/kontakt\/\" title=\"Kontact\" ><button type=\"button\" id=\"ubtn-4984\"  class=\"ubtn ult-adjust-bottom-margin ult-responsive ubtn-custom ubtn-fade-bg  none  ubtn-center   tooltip-69d4736bab13a\"  data-hover=\"#ffffff\" data-border-color=\"#ffffff\" data-bg=\"\" data-hover-bg=\"#2b9749\" data-border-hover=\"#ffffff\" data-shadow-hover=\"\" data-shadow-click=\"none\" data-shadow=\"\" data-shd-shadow=\"\"  data-ultimate-target='#ubtn-4984'  data-responsive-json-new='{\"font-size\":\"desktop:20px;tablet:14px;tablet_portrait:14px;mobile_landscape:14px;mobile:14px;\",\"line-height\":\"desktop:20px;\"}'  style=\"font-family:&#039;Poppins&#039;;font-weight:600;width:px;min-height:38px;padding:15px 25px;border-radius:0px;border-width:3px;border-color:#ffffff;border-style:solid;color: #ffffff;\"><span class=\"ubtn-hover\" style=\"background-color:#2b9749\"><\/span><span class=\"ubtn-data ubtn-text \" >KONTAKTIEREN SIE UNS<\/span><\/button><\/a><\/div>[\/vc_column_inner][\/vc_row_inner][\/vc_column][vc_column offset=&#8220;vc_col-lg-4 vc_col-md-4 vc_hidden-sm vc_col-xs-12 vc_hidden-xs&#8220;]<div class=\" vc_custom_1603544164051 ubtn-ctn-center \"><a class=\"ubtn-link ult-adjust-bottom-margin ubtn-center ubtn-custom \" href=\"https:\/\/hugli.ch\/de\/kontakt\/\" title=\"Kontakt\" ><button type=\"button\" id=\"ubtn-2679\"  class=\"ubtn ult-adjust-bottom-margin ult-responsive ubtn-custom ubtn-fade-bg  none  ubtn-center   tooltip-69d4736bab202\"  data-hover=\"#ffffff\" data-border-color=\"#ffffff\" data-bg=\"\" data-hover-bg=\"#2b9749\" data-border-hover=\"#ffffff\" data-shadow-hover=\"\" data-shadow-click=\"none\" data-shadow=\"\" data-shd-shadow=\"\"  data-ultimate-target='#ubtn-2679'  data-responsive-json-new='{\"font-size\":\"desktop:20px;\",\"line-height\":\"desktop:20px;\"}'  style=\"font-family:&#039;Poppins&#039;;font-weight:600;width:px;min-height:38px;padding:15px 25px;border-radius:0px;border-width:4px;border-color:#ffffff;border-style:solid;color: #ffffff;\"><span class=\"ubtn-hover\" style=\"background-color:#2b9749\"><\/span><span class=\"ubtn-data ubtn-text \" >KONTAKTIEREN SIE UNS<\/span><\/button><\/a><\/div>[\/vc_column][\/vc_row]<\/p>\n<\/div>","protected":false},"excerpt":{"rendered":"<p>[vc_row bg_type=&#8220;image&#8220; parallax_style=&#8220;vcpb-vz-jquery&#8220; bg_image_new=&#8220;id^840|url^https:\/\/www.hugli.ch\/wp-content\/uploads\/2020\/09\/ROLF_HUGLI_Care.jpg|caption^null|alt^null|title^ROLF_HUGLI_Care|description^null&#8220; bg_image_repeat=&#8220;no-repeat&#8220; bg_override=&#8220;full&#8220; type=&#8220;vc_default&#8220; margin_top=&#8220;-50&#8243; css=&#8220;.vc_custom_1599490532195{padding-top: 8% !important;padding-bottom: 8% !important;}&#8220;][vc_column offset=&#8220;vc_col-lg-12 vc_col-md-12&#8243; css=&#8220;.vc_custom_1593413697623{padding-top: 25px !important;padding-right: 25px !important;padding-left: 25px !important;}&#8220;][vc_empty_space height=&#8220;200px&#8220;][\/vc_column][\/vc_row][vc_row][vc_column][vc_row_inner css=&#8220;.vc_custom_1598508077092{border-top-width: 50px !important;}&#8220;][vc_column_inner width=&#8220;1\/2&#8243;][vc_single_image image=&#8220;1776&#8243; img_size=&#8220;full&#8220;][\/vc_column_inner][vc_column_inner width=&#8220;1\/2&#8243;][\/vc_column_inner][\/vc_row_inner][vc_row_inner content_placement=&#8220;middle&#8220; css=&#8220;.vc_custom_1674145181791{border-top-width: 50px !important;}&#8220;][vc_column_inner width=&#8220;1\/2&#8243;][\/vc_column_inner][vc_column_inner width=&#8220;1\/2&#8243;][vc_single_image image=&#8220;3510&#8243; img_size=&#8220;medium&#8220; alignment=&#8220;center&#8220; onclick=&#8220;custom_link&#8220; image_hovers=&#8220;false&#8220; link=&#8220;https:\/\/www.swiss-medtech.ch\/&#8220;][\/vc_column_inner][\/vc_row_inner][\/vc_column][\/vc_row][vc_row gap=&#8220;30&#8243; equal_height=&#8220;yes&#8220; type=&#8220;vc_default&#8220; el_class=&#8220;custom-columns-gap&#8220;][vc_column width=&#8220;1\/2&#8243; offset=&#8220;vc_col-lg-4 vc_col-md-6 vc_col-xs-12&#8243; css=&#8220;.vc_custom_1599147100998{padding-top: 0px !important;padding-right: 0px !important;padding-bottom:&hellip;<\/p>\n","protected":false},"author":1,"featured_media":0,"parent":0,"menu_order":0,"comment_status":"closed","ping_status":"closed","template":"","meta":{"footnotes":""},"class_list":["post-1905","page","type-page","status-publish","hentry","description-off"],"yoast_head":"<!-- This site is optimized with the Yoast SEO plugin v27.3 - https:\/\/yoast.com\/product\/yoast-seo-wordpress\/ -->\n<title>Hugli Care - ROLF HUGLI SA<\/title>\n<meta name=\"description\" content=\"Wir sind in verschiedenen Bereichen wie etwa Medizinprodukten, Kosmetika und Nahrungserg\u00e4nzungsmitteln t\u00e4tig und reagieren sowohl auf konkrete Anfragen unserer Kunden als auch als Quelle f\u00fcr Vorschl\u00e4ge neuer Produkte, f\u00fcr die wir starkes Potenzial sehen.\" \/>\n<meta name=\"robots\" content=\"index, follow, max-snippet:-1, max-image-preview:large, max-video-preview:-1\" \/>\n<link rel=\"canonical\" href=\"https:\/\/hugli.ch\/de\/care\/\" \/>\n<meta property=\"og:locale\" content=\"de_DE\" \/>\n<meta property=\"og:type\" content=\"article\" \/>\n<meta property=\"og:title\" content=\"Hugli Care - ROLF HUGLI SA\" \/>\n<meta property=\"og:description\" content=\"Wir sind in verschiedenen Bereichen wie etwa Medizinprodukten, Kosmetika und Nahrungserg\u00e4nzungsmitteln t\u00e4tig und reagieren sowohl auf konkrete Anfragen unserer Kunden als auch als Quelle f\u00fcr Vorschl\u00e4ge neuer Produkte, f\u00fcr die wir starkes Potenzial sehen.\" \/>\n<meta property=\"og:url\" content=\"https:\/\/hugli.ch\/de\/care\/\" \/>\n<meta property=\"og:site_name\" content=\"ROLF HUGLI SA\" \/>\n<meta property=\"article:modified_time\" content=\"2023-01-19T16:19:59+00:00\" \/>\n<meta name=\"twitter:card\" content=\"summary_large_image\" \/>\n<meta name=\"twitter:label1\" content=\"Gesch\u00e4tzte Lesezeit\" \/>\n\t<meta name=\"twitter:data1\" content=\"3\u00a0Minuten\" \/>\n<script type=\"application\/ld+json\" class=\"yoast-schema-graph\">{\"@context\":\"https:\\\/\\\/schema.org\",\"@graph\":[{\"@type\":\"WebPage\",\"@id\":\"https:\\\/\\\/hugli.ch\\\/de\\\/care\\\/\",\"url\":\"https:\\\/\\\/hugli.ch\\\/de\\\/care\\\/\",\"name\":\"Hugli Care - ROLF HUGLI SA\",\"isPartOf\":{\"@id\":\"https:\\\/\\\/hugli.ch\\\/de\\\/#website\"},\"datePublished\":\"2020-10-20T21:39:37+00:00\",\"dateModified\":\"2023-01-19T16:19:59+00:00\",\"description\":\"Wir sind in verschiedenen Bereichen wie etwa Medizinprodukten, Kosmetika und Nahrungserg\u00e4nzungsmitteln t\u00e4tig und reagieren sowohl auf konkrete Anfragen unserer Kunden als auch als Quelle f\u00fcr Vorschl\u00e4ge neuer Produkte, f\u00fcr die wir starkes Potenzial sehen.\",\"breadcrumb\":{\"@id\":\"https:\\\/\\\/hugli.ch\\\/de\\\/care\\\/#breadcrumb\"},\"inLanguage\":\"de\",\"potentialAction\":[{\"@type\":\"ReadAction\",\"target\":[\"https:\\\/\\\/hugli.ch\\\/de\\\/care\\\/\"]}]},{\"@type\":\"BreadcrumbList\",\"@id\":\"https:\\\/\\\/hugli.ch\\\/de\\\/care\\\/#breadcrumb\",\"itemListElement\":[{\"@type\":\"ListItem\",\"position\":1,\"name\":\"Accueil\",\"item\":\"https:\\\/\\\/hugli.ch\\\/de\\\/\"},{\"@type\":\"ListItem\",\"position\":2,\"name\":\"Hugli Care\"}]},{\"@type\":\"WebSite\",\"@id\":\"https:\\\/\\\/hugli.ch\\\/de\\\/#website\",\"url\":\"https:\\\/\\\/hugli.ch\\\/de\\\/\",\"name\":\"ROLF HUGLI SA\",\"description\":\"Votre partenaire pour le march\u00e9 suisse\",\"publisher\":{\"@id\":\"https:\\\/\\\/hugli.ch\\\/de\\\/#organization\"},\"potentialAction\":[{\"@type\":\"SearchAction\",\"target\":{\"@type\":\"EntryPoint\",\"urlTemplate\":\"https:\\\/\\\/hugli.ch\\\/de\\\/?s={search_term_string}\"},\"query-input\":{\"@type\":\"PropertyValueSpecification\",\"valueRequired\":true,\"valueName\":\"search_term_string\"}}],\"inLanguage\":\"de\"},{\"@type\":\"Organization\",\"@id\":\"https:\\\/\\\/hugli.ch\\\/de\\\/#organization\",\"name\":\"ROLF HUGLI SA\",\"url\":\"https:\\\/\\\/hugli.ch\\\/de\\\/\",\"logo\":{\"@type\":\"ImageObject\",\"inLanguage\":\"de\",\"@id\":\"https:\\\/\\\/hugli.ch\\\/de\\\/#\\\/schema\\\/logo\\\/image\\\/\",\"url\":\"https:\\\/\\\/hugli.ch\\\/wp-content\\\/uploads\\\/2020\\\/08\\\/Logo_Rolf_Hugli_SA_1951_R.png\",\"contentUrl\":\"https:\\\/\\\/hugli.ch\\\/wp-content\\\/uploads\\\/2020\\\/08\\\/Logo_Rolf_Hugli_SA_1951_R.png\",\"width\":440,\"height\":90,\"caption\":\"ROLF HUGLI SA\"},\"image\":{\"@id\":\"https:\\\/\\\/hugli.ch\\\/de\\\/#\\\/schema\\\/logo\\\/image\\\/\"}}]}<\/script>\n<!-- \/ Yoast SEO plugin. -->","yoast_head_json":{"title":"Hugli Care - ROLF HUGLI SA","description":"Wir sind in verschiedenen Bereichen wie etwa Medizinprodukten, Kosmetika und Nahrungserg\u00e4nzungsmitteln t\u00e4tig und reagieren sowohl auf konkrete Anfragen unserer Kunden als auch als Quelle f\u00fcr Vorschl\u00e4ge neuer Produkte, f\u00fcr die wir starkes Potenzial sehen.","robots":{"index":"index","follow":"follow","max-snippet":"max-snippet:-1","max-image-preview":"max-image-preview:large","max-video-preview":"max-video-preview:-1"},"canonical":"https:\/\/hugli.ch\/de\/care\/","og_locale":"de_DE","og_type":"article","og_title":"Hugli Care - ROLF HUGLI SA","og_description":"Wir sind in verschiedenen Bereichen wie etwa Medizinprodukten, Kosmetika und Nahrungserg\u00e4nzungsmitteln t\u00e4tig und reagieren sowohl auf konkrete Anfragen unserer Kunden als auch als Quelle f\u00fcr Vorschl\u00e4ge neuer Produkte, f\u00fcr die wir starkes Potenzial sehen.","og_url":"https:\/\/hugli.ch\/de\/care\/","og_site_name":"ROLF HUGLI SA","article_modified_time":"2023-01-19T16:19:59+00:00","twitter_card":"summary_large_image","twitter_misc":{"Gesch\u00e4tzte Lesezeit":"3\u00a0Minuten"},"schema":{"@context":"https:\/\/schema.org","@graph":[{"@type":"WebPage","@id":"https:\/\/hugli.ch\/de\/care\/","url":"https:\/\/hugli.ch\/de\/care\/","name":"Hugli Care - ROLF HUGLI SA","isPartOf":{"@id":"https:\/\/hugli.ch\/de\/#website"},"datePublished":"2020-10-20T21:39:37+00:00","dateModified":"2023-01-19T16:19:59+00:00","description":"Wir sind in verschiedenen Bereichen wie etwa Medizinprodukten, Kosmetika und Nahrungserg\u00e4nzungsmitteln t\u00e4tig und reagieren sowohl auf konkrete Anfragen unserer Kunden als auch als Quelle f\u00fcr Vorschl\u00e4ge neuer Produkte, f\u00fcr die wir starkes Potenzial sehen.","breadcrumb":{"@id":"https:\/\/hugli.ch\/de\/care\/#breadcrumb"},"inLanguage":"de","potentialAction":[{"@type":"ReadAction","target":["https:\/\/hugli.ch\/de\/care\/"]}]},{"@type":"BreadcrumbList","@id":"https:\/\/hugli.ch\/de\/care\/#breadcrumb","itemListElement":[{"@type":"ListItem","position":1,"name":"Accueil","item":"https:\/\/hugli.ch\/de\/"},{"@type":"ListItem","position":2,"name":"Hugli Care"}]},{"@type":"WebSite","@id":"https:\/\/hugli.ch\/de\/#website","url":"https:\/\/hugli.ch\/de\/","name":"ROLF HUGLI SA","description":"Votre partenaire pour le march\u00e9 suisse","publisher":{"@id":"https:\/\/hugli.ch\/de\/#organization"},"potentialAction":[{"@type":"SearchAction","target":{"@type":"EntryPoint","urlTemplate":"https:\/\/hugli.ch\/de\/?s={search_term_string}"},"query-input":{"@type":"PropertyValueSpecification","valueRequired":true,"valueName":"search_term_string"}}],"inLanguage":"de"},{"@type":"Organization","@id":"https:\/\/hugli.ch\/de\/#organization","name":"ROLF HUGLI SA","url":"https:\/\/hugli.ch\/de\/","logo":{"@type":"ImageObject","inLanguage":"de","@id":"https:\/\/hugli.ch\/de\/#\/schema\/logo\/image\/","url":"https:\/\/hugli.ch\/wp-content\/uploads\/2020\/08\/Logo_Rolf_Hugli_SA_1951_R.png","contentUrl":"https:\/\/hugli.ch\/wp-content\/uploads\/2020\/08\/Logo_Rolf_Hugli_SA_1951_R.png","width":440,"height":90,"caption":"ROLF HUGLI SA"},"image":{"@id":"https:\/\/hugli.ch\/de\/#\/schema\/logo\/image\/"}}]}},"_links":{"self":[{"href":"https:\/\/hugli.ch\/de\/wp-json\/wp\/v2\/pages\/1905","targetHints":{"allow":["GET"]}}],"collection":[{"href":"https:\/\/hugli.ch\/de\/wp-json\/wp\/v2\/pages"}],"about":[{"href":"https:\/\/hugli.ch\/de\/wp-json\/wp\/v2\/types\/page"}],"author":[{"embeddable":true,"href":"https:\/\/hugli.ch\/de\/wp-json\/wp\/v2\/users\/1"}],"replies":[{"embeddable":true,"href":"https:\/\/hugli.ch\/de\/wp-json\/wp\/v2\/comments?post=1905"}],"version-history":[{"count":0,"href":"https:\/\/hugli.ch\/de\/wp-json\/wp\/v2\/pages\/1905\/revisions"}],"wp:attachment":[{"href":"https:\/\/hugli.ch\/de\/wp-json\/wp\/v2\/media?parent=1905"}],"curies":[{"name":"wp","href":"https:\/\/api.w.org\/{rel}","templated":true}]}}